{"id":25,"date":"2026-03-23T13:11:05","date_gmt":"2026-03-23T13:11:05","guid":{"rendered":"https:\/\/www.beautisto.com\/startsida\/"},"modified":"2026-04-05T09:15:02","modified_gmt":"2026-04-05T09:15:02","slug":"startsida","status":"publish","type":"page","link":"https:\/\/www.beautisto.com\/en_us\/","title":{"rendered":"Startpage"},"content":{"rendered":"\n\n\n\n\n\n\n<div class=\"wp-block-columns is-layout-flex wp-container-core-columns-is-layout-28f84493 wp-block-columns-is-layout-flex\">\n<div class=\"wp-block-column has-border-color has-text-color has-link-color wp-elements-16d68eacb0bcd384feba89193a4b60f7 is-layout-flow wp-block-column-is-layout-flow\" style=\"border-color:#555555;border-width:1px;border-top-left-radius:20px;border-top-right-radius:20px;border-bottom-left-radius:20px;border-bottom-right-radius:20px;color:#f5f5f5;padding-top:var(--wp--preset--spacing--20);padding-right:var(--wp--preset--spacing--20);padding-bottom:var(--wp--preset--spacing--20);padding-left:var(--wp--preset--spacing--20)\">\n<figure class=\"wp-block-image size-full\"><img loading=\"lazy\" decoding=\"async\" width=\"800\" height=\"600\" src=\"https:\/\/www.beautisto.com\/wp-content\/uploads\/2026\/04\/logo-high7.png\" alt=\"\" class=\"wp-image-763\" srcset=\"https:\/\/www.beautisto.com\/wp-content\/uploads\/2026\/04\/logo-high7.png 800w, https:\/\/www.beautisto.com\/wp-content\/uploads\/2026\/04\/logo-high7-300x225.png 300w, https:\/\/www.beautisto.com\/wp-content\/uploads\/2026\/04\/logo-high7-768x576.png 768w, https:\/\/www.beautisto.com\/wp-content\/uploads\/2026\/04\/logo-high7-16x12.png 16w, https:\/\/www.beautisto.com\/wp-content\/uploads\/2026\/04\/logo-high7-600x450.png 600w\" sizes=\"auto, (max-width: 800px) 100vw, 800px\" \/><\/figure>\n<\/div>\n\n\n\n<div class=\"wp-block-column is-layout-flow wp-block-column-is-layout-flow\">\n<p class=\"has-text-color has-link-color wp-elements-8211a6ce26ed767c802d582d9b1e3c1e\" style=\"color:#555555;font-style:normal;font-weight:100\"><strong>Vi \u00e4r framtidens molnbaserade B2B2C e-handelsplattform <\/strong>som hj\u00e4lper f\u00f6retag med varum\u00e4rken inom mode- och sk\u00f6nhetsbranschen att f\u00f6rse alla era \u00e5terf\u00f6rs\u00e4ljare (kunder) med professionella e-handelsbutiker \u2013 fyllda med ert produktsortiment.<\/p>\n\n\n\n<div style=\"height:20px\" aria-hidden=\"true\" class=\"wp-block-spacer\"><\/div>\n\n\n\n<p class=\"is-style-default has-text-color has-link-color wp-elements-803fcecdc2883d97df04eb41da640db5\" style=\"color:#555555;font-style:normal;font-weight:100\"><strong>Era \u00e5terf\u00f6rs\u00e4ljare s\u00e4ljer era produkter online<\/strong> i sin egen butik, medan ni st\u00e4rker ert n\u00e4tverk och \u00f6kar f\u00f6rs\u00e4ljningen utan att konkurrera direkt med dem.<\/p>\n<\/div>\n<\/div>\n\n\n\n<div style=\"height:25px\" aria-hidden=\"true\" class=\"wp-block-spacer\"><\/div>\n\n\n\n<blockquote class=\"wp-block-quote is-layout-flow wp-block-quote-is-layout-flow\">\n<p class=\"has-text-color has-link-color wp-elements-aa713ab150371b5c179e5dfc341f14cc\" style=\"color:#800404;font-style:normal;font-weight:100\"><strong><em>S\u00e4lj era produkter online utan att g\u00e5 direkt mot konsument, precis som ni g\u00f6r idag offline!<\/em><\/strong><\/p>\n<\/blockquote>\n\n\n\n<div style=\"height:40px\" aria-hidden=\"true\" class=\"wp-block-spacer\"><\/div>\n\n\n\n\n\n<div class=\"wp-block-columns is-layout-flex wp-container-core-columns-is-layout-28f84493 wp-block-columns-is-layout-flex\">\n<div class=\"wp-block-column happy-robot-w-screen is-layout-flow wp-block-column-is-layout-flow\">\n<figure class=\"wp-block-image aligncenter size-full happy-robot-w-screen\"><img decoding=\"async\" src=\"https:\/\/aibutiken.se\/wp-content\/uploads\/2026\/01\/aibutiken-robot-monitor-premium-light.jpg\" alt=\"\" class=\"wp-image-1583\" style=\"object-fit:cover\" title=\"\"\/><\/figure>\n<\/div>\n<\/div>\n\n\n\n<figure class=\"wp-block-pullquote has-text-align-left has-text-color has-link-color has-x-large-font-size wp-elements-db78ebb26c3f16a9821916b96c28440b\" style=\"color:#555555;font-style:normal;font-weight:100\"><blockquote><p>GE DINA \u00c5TERF\u00d6RS\u00c4LJARE EN EGEN E-BUTIK MED ERT SORTIMENT.<\/p><\/blockquote><\/figure>\n\n\n\n<p class=\"has-text-color has-link-color has-large-font-size wp-elements-e0f87c15d6a7910573304018d2b5140c\" style=\"color:#555555;font-style:normal;font-weight:100\"><strong>Som agent, leverant\u00f6r, grossist eller tillverkare av professionella varum\u00e4rken<\/strong> kan ni enkelt integrera er befintliga produktkatalog med v\u00e5r plattform. N\u00e4r produkterna \u00e4r kopplade kan ni utan kostnad skapa personliga e-handelsbutiker till era kunder (fris\u00f6rer, terapeuter, stylister m fl)<\/p>\n\n\n\n<div class=\"wp-block-columns mlrg-reverse-mobile is-layout-flex wp-container-core-columns-is-layout-28f84493 wp-block-columns-is-layout-flex\">\n<div class=\"wp-block-column is-layout-flow wp-block-column-is-layout-flow\">\n<div style=\"height:9px\" aria-hidden=\"true\" class=\"wp-block-spacer\"><\/div>\n\n\n\n<p class=\"has-text-color has-link-color has-large-font-size wp-elements-2ab1479109f5bdcd6605803d35222c8f\" style=\"color:#555555;font-style:normal;font-weight:100\"><strong>Ni beh\u00e5ller:<\/strong><\/p>\n\n\n\n<ul class=\"wp-block-list\">\n<li class=\"has-text-color has-link-color has-large-font-size wp-elements-cb37a1295f8a8dc4b2afbd5774429023\" style=\"color:#555555;font-style:normal;font-weight:100\">kontroll \u00f6ver produktkatalog och priss\u00e4ttning<\/li>\n\n\n\n<li class=\"has-text-color has-link-color has-large-font-size wp-elements-505aff2870588d171f4f5d87997ffce3\" style=\"color:#555555;font-style:normal;font-weight:100\">relationen med ert \u00e5terf\u00f6rs\u00e4ljarn\u00e4t<\/li>\n\n\n\n<li class=\"has-text-color has-link-color has-large-font-size wp-elements-42bb48b6baade26aa0c8982da6cd4160\" style=\"color:#555555;font-style:normal;font-weight:100\">varum\u00e4rkesintegritet<\/li>\n<\/ul>\n\n\n\n<p class=\"has-text-color has-link-color has-large-font-size wp-elements-9fc793433b9b75248e5dc5444958d162\" style=\"color:#555555\"><strong>\u00c5terf\u00f6rs\u00e4ljarna f\u00e5r:<\/strong><\/p>\n\n\n\n<ul class=\"wp-block-list has-medium-font-size\">\n<li class=\"has-text-color has-link-color has-large-font-size wp-elements-8f1c9c0ef916335ad110d2ba79419d31\" style=\"color:#555555;font-style:normal;font-weight:100\">egen E-handelsbutik<\/li>\n\n\n\n<li class=\"has-text-color has-link-color has-large-font-size wp-elements-b479ccf0e8d3ae55171420b51cf216b4\" style=\"color:#555555;font-style:normal;font-weight:100\">automatiserad orderhantering<\/li>\n\n\n\n<li class=\"has-text-color has-link-color has-large-font-size wp-elements-515c91109dd57098de0f1ea4c51eb86d\" style=\"color:#555555;font-style:normal;font-weight:100\">betall\u00f6sning och leveranser<\/li>\n\n\n\n<li class=\"has-text-color has-link-color has-large-font-size wp-elements-d76fdd18e5ca237abf2041d440f8bc40\" style=\"color:#555555;font-style:normal;font-weight:100\">provision el marginaler utan lagerbindning<\/li>\n\n\n\n<li class=\"has-text-color has-link-color has-large-font-size wp-elements-d76fdd18e5ca237abf2041d440f8bc40\" style=\"color:#555555;font-style:normal;font-weight:100\">provision el marginaler utan lagerbindning<\/li>\n\n\n\n<li class=\"has-text-color has-link-color has-large-font-size wp-elements-2fcd915c3619ed5b07de4087722ca2c1\" style=\"color:#555555;font-style:normal;font-weight:100\">Butikerna \u00e4r helt kostnadsfria att anv\u00e4nda<\/li>\n<\/ul>\n<\/div>\n\n\n\n<div class=\"wp-block-column is-layout-flow wp-block-column-is-layout-flow\">\n<figure class=\"wp-block-image size-large\"><img loading=\"lazy\" decoding=\"async\" width=\"850\" height=\"1024\" src=\"https:\/\/www.beautisto.com\/wp-content\/uploads\/2026\/03\/polaroid_exact_f7f7f7_3-e1774652506594-850x1024.jpg\" alt=\"\" class=\"wp-image-671\" srcset=\"https:\/\/www.beautisto.com\/wp-content\/uploads\/2026\/03\/polaroid_exact_f7f7f7_3-e1774652506594-850x1024.jpg 850w, https:\/\/www.beautisto.com\/wp-content\/uploads\/2026\/03\/polaroid_exact_f7f7f7_3-e1774652506594-249x300.jpg 249w, https:\/\/www.beautisto.com\/wp-content\/uploads\/2026\/03\/polaroid_exact_f7f7f7_3-e1774652506594-768x926.jpg 768w, https:\/\/www.beautisto.com\/wp-content\/uploads\/2026\/03\/polaroid_exact_f7f7f7_3-e1774652506594-1275x1536.jpg 1275w, https:\/\/www.beautisto.com\/wp-content\/uploads\/2026\/03\/polaroid_exact_f7f7f7_3-e1774652506594-10x12.jpg 10w, https:\/\/www.beautisto.com\/wp-content\/uploads\/2026\/03\/polaroid_exact_f7f7f7_3-e1774652506594-600x723.jpg 600w, https:\/\/www.beautisto.com\/wp-content\/uploads\/2026\/03\/polaroid_exact_f7f7f7_3-e1774652506594.jpg 1365w\" sizes=\"auto, (max-width: 850px) 100vw, 850px\" \/><\/figure>\n<\/div>\n<\/div>\n\n\n\n<blockquote class=\"wp-block-quote is-layout-flow wp-block-quote-is-layout-flow\">\n<p class=\"has-text-color has-link-color wp-elements-e9df30470b85ac0421767b8c17c1061e\" style=\"color:#800404;font-style:normal;font-weight:100\"><strong><em>Plattformen erh\u00e5ller en provision p\u00e5 genomf\u00f6rda f\u00f6rs\u00e4ljningar. Det inneb\u00e4r att ni bara betalar n\u00e4r f\u00f6rs\u00e4ljning faktiskt sker.<\/em><\/strong><\/p>\n<\/blockquote>\n\n\n\n<div style=\"height:65px\" aria-hidden=\"true\" class=\"wp-block-spacer\"><\/div>\n\n\n\n<figure class=\"wp-block-pullquote has-text-align-left has-text-color has-link-color has-x-large-font-size wp-elements-2ab819c518cc0cd868483a9092b36ad1\" style=\"color:#555555;font-style:normal;font-weight:100\"><blockquote><p>HUR SKILJER VI OSS FR\u00c5N ETT VANLIGT AFFILIATESSYSTEM?<\/p><\/blockquote><\/figure>\n\n\n\n<div class=\"wp-block-columns is-layout-flex wp-container-core-columns-is-layout-28f84493 wp-block-columns-is-layout-flex\">\n<div class=\"wp-block-column is-layout-flow wp-block-column-is-layout-flow\">\n<figure class=\"wp-block-image size-full\"><img loading=\"lazy\" decoding=\"async\" width=\"600\" height=\"759\" src=\"https:\/\/www.beautisto.com\/wp-content\/uploads\/2026\/03\/polaridQR-e1774687388992.jpg\" alt=\"\" class=\"wp-image-687\" srcset=\"https:\/\/www.beautisto.com\/wp-content\/uploads\/2026\/03\/polaridQR-e1774687388992.jpg 600w, https:\/\/www.beautisto.com\/wp-content\/uploads\/2026\/03\/polaridQR-e1774687388992-237x300.jpg 237w, https:\/\/www.beautisto.com\/wp-content\/uploads\/2026\/03\/polaridQR-e1774687388992-9x12.jpg 9w\" sizes=\"auto, (max-width: 600px) 100vw, 600px\" \/><\/figure>\n<\/div>\n\n\n\n<div class=\"wp-block-column is-layout-flow wp-block-column-is-layout-flow\">\n<p class=\"has-text-color has-link-color has-large-font-size wp-elements-f363599e9c546ef720b762d77447adf4\" style=\"color:#555555;font-style:normal;font-weight:100\">Ett klassiskt affiliatesystem bygger p\u00e5 l\u00e4nkar, rabattkoder och extern trafik. Det \u00e4r i grunden en marknadsf\u00f6ringskanal.<\/p>\n\n\n\n<p class=\"has-text-color has-link-color has-large-font-size wp-elements-754080f0e242933764c8f8fa28a01985\" style=\"color:#555555;font-style:normal;font-weight:100\">V\u00e5r modell bygger p\u00e5 strukturerad distribution.<\/p>\n\n\n\n<p class=\"has-text-color has-link-color has-large-font-size wp-elements-1013bed1780a642b875c5397983f2c03\" style=\"color:#555555;font-style:normal;font-weight:100\"><strong>Klassiskt Affiliates:<\/strong><br>\u2013 L\u00e4nkbaserad f\u00f6rs\u00e4ljning<br>\u2013 Ofta anonym trafik<br>\u2013 Begr\u00e4nsad varum\u00e4rkesstyrning<br>\u2013 Kampanjdrivet<\/p>\n\n\n\n<p class=\"has-text-color has-link-color has-large-font-size wp-elements-53496d248c879b60ada120be2f2a4b28\" style=\"color:#555555;font-style:normal;font-weight:100\"><strong>V\u00e5r B2B2C  Plattform:<\/strong><br>\u2013 Riktiga digitala butiker f\u00f6r era \u00e5terf\u00f6rs\u00e4ljare (Fris\u00f6rer, Hudterapeuter m.f). <br>\u2013 Full kontroll \u00f6ver sortiment och pris<br>\u2013 Central logistik och betalningsl\u00f6sning<br>\u2013 L\u00e5ngsiktig kanalstrategi ist\u00e4llet f\u00f6r kampanj<\/p>\n<\/div>\n<\/div>\n\n\n\n\n\n<div style=\"height:22px\" aria-hidden=\"true\" class=\"wp-block-spacer\"><\/div>\n\n\n\n<blockquote class=\"wp-block-quote is-style-default has-text-color has-link-color wp-elements-5e313faab203135e6599cfb60969b120 is-layout-flow wp-block-quote-is-layout-flow\" style=\"color:#555555\">\n<p class=\"is-style-default has-text-color has-link-color wp-elements-2d230e83314f0b3aa6462b091f95ea5b\" style=\"color:#800404;font-style:normal;font-weight:100\"><strong><em>Detta \u00e4r inte \u00e4nnu en e-handelsl\u00f6sning eller affilatetj\u00e4nst, det h\u00e4r \u00e4r ett s\u00e4tt att framtidss\u00e4kra ert \u00e5terf\u00f6rs\u00e4ljarn\u00e4t.<\/em><\/strong><\/p>\n<\/blockquote>\n\n\n\n<div style=\"height:55px\" aria-hidden=\"true\" class=\"wp-block-spacer\"><\/div>\n\n\n\n<figure class=\"wp-block-pullquote has-text-align-left has-text-color has-link-color has-x-large-font-size wp-elements-cfb8fe8b4c02a55a09519cd196197193\" style=\"color:#555555;font-style:normal;font-weight:100\"><blockquote><p>HUR KAN DET FUNGERA F\u00d6R ERT VARUM\u00c4RKE?<\/p><\/blockquote><\/figure>\n\n\n\n<div class=\"wp-block-columns mlrg-reverse-mobile is-layout-flex wp-container-core-columns-is-layout-28f84493 wp-block-columns-is-layout-flex\">\n<div class=\"wp-block-column is-layout-flow wp-block-column-is-layout-flow\">\n<p class=\"has-text-color has-link-color has-large-font-size wp-elements-488bd04920b8e12b28ad8d4587a7e88b\" style=\"color:#555555;font-style:normal;font-weight:100\">Varje leverant\u00f6rsstruktur ser olika ut. Marginaler, logistik, \u00e5terf\u00f6rs\u00e4ljarn\u00e4t och marknadsstrategi m\u00e5ste anpassas r\u00e4tt fr\u00e5n b\u00f6rjan.<\/p>\n\n\n\n<div style=\"height:5px\" aria-hidden=\"true\" class=\"wp-block-spacer\"><\/div>\n\n\n\n<p class=\"has-text-color has-link-color has-large-font-size wp-elements-e8df02169881abc2158e020fd52cc374\" style=\"color:#555555;font-style:normal;font-weight:100\"><strong>Vi erbjuder en genomg\u00e5ng d\u00e4r vi visar:<\/strong><\/p>\n\n\n\n<ul class=\"wp-block-list has-medium-font-size\">\n<li class=\"has-text-color has-link-color has-large-font-size wp-elements-4640724401dbee75e397cc02d0d51c41\" style=\"color:#555555;font-style:normal;font-weight:100\">hur modellen kan implementeras i er organisation<\/li>\n\n\n\n<li class=\"has-text-color has-link-color has-large-font-size wp-elements-cc6b5fe66c00e25b65adaf749667447e\" style=\"color:#555555;font-style:normal;font-weight:100\">vilka int\u00e4ktsstr\u00f6mmar som kan aktiveras<\/li>\n\n\n\n<li class=\"has-text-color has-link-color has-large-font-size wp-elements-018ee075d2d9f62f6b88f8bbc4643c99\" style=\"color:#555555;font-style:normal;font-weight:100\">hur ni beh\u00e5ller kontroll utan att konkurrera med era kunder<\/li>\n\n\n\n<li class=\"has-text-color has-link-color has-large-font-size wp-elements-eb257288a4777b5695ec544a4ac1d764\" style=\"color:#555555;font-style:normal;font-weight:100\">hur en pilot kan lanseras inom n\u00e5gra m\u00e5nader<\/li>\n<\/ul>\n<\/div>\n\n\n\n<div class=\"wp-block-column is-layout-flow wp-block-column-is-layout-flow\">\n<figure class=\"wp-block-image aligncenter size-full is-resized wp-duotone-111111-ffffff-1\"><img loading=\"lazy\" decoding=\"async\" width=\"1365\" height=\"1707\" src=\"https:\/\/www.beautisto.com\/wp-content\/uploads\/2026\/03\/polaroid_exact_f7f7f7_2-e1774653066449.jpg\" alt=\"\" class=\"wp-image-678\" style=\"width:400px\" srcset=\"https:\/\/www.beautisto.com\/wp-content\/uploads\/2026\/03\/polaroid_exact_f7f7f7_2-e1774653066449.jpg 1365w, https:\/\/www.beautisto.com\/wp-content\/uploads\/2026\/03\/polaroid_exact_f7f7f7_2-e1774653066449-240x300.jpg 240w, https:\/\/www.beautisto.com\/wp-content\/uploads\/2026\/03\/polaroid_exact_f7f7f7_2-e1774653066449-819x1024.jpg 819w, https:\/\/www.beautisto.com\/wp-content\/uploads\/2026\/03\/polaroid_exact_f7f7f7_2-e1774653066449-768x960.jpg 768w, https:\/\/www.beautisto.com\/wp-content\/uploads\/2026\/03\/polaroid_exact_f7f7f7_2-e1774653066449-1228x1536.jpg 1228w, https:\/\/www.beautisto.com\/wp-content\/uploads\/2026\/03\/polaroid_exact_f7f7f7_2-e1774653066449-10x12.jpg 10w, https:\/\/www.beautisto.com\/wp-content\/uploads\/2026\/03\/polaroid_exact_f7f7f7_2-e1774653066449-600x750.jpg 600w\" sizes=\"auto, (max-width: 1365px) 100vw, 1365px\" \/><\/figure>\n<\/div>\n<\/div>\n\n\n\n\n\n<blockquote class=\"wp-block-quote is-layout-flow wp-block-quote-is-layout-flow\">\n<p class=\"has-text-color has-link-color has-large-font-size wp-elements-b67d21df891126f2a0d60e7350e605ca\" style=\"color:#800404;font-style:normal;font-weight:100\"><strong><em>Vi \u00e4r en &#8221;GLOBAL&#8221; molnbaserad e-handelsplattform och anv\u00e4nder oss av Teams, s\u00e5 avst\u00e5nd \u00e4r inget hinder var i v\u00e4rlden ni eller vi befinner oss i.<\/em><\/strong><\/p>\n<\/blockquote>\n\n\n\n<div style=\"height:55px\" aria-hidden=\"true\" class=\"wp-block-spacer\"><\/div>\n\n\n\n<figure class=\"wp-block-pullquote has-text-align-left has-text-color has-link-color has-large-font-size wp-elements-347ac2781a32069d0aa9b8988b2650fb\" style=\"color:#555555;font-style:normal;font-weight:100\"><blockquote><p><strong>Vill du veta mer? Fyll i formul\u00e4ret s\u00e5 kontaktar vi er.<\/strong><\/p><cite>Vi ser fram emot att f\u00e5 tr\u00e4ffa er och presentera hur allt det h\u00e4r fungerar b\u00e4st f\u00f6r er \ud83d\ude09<\/cite><\/blockquote><\/figure>\n\n\n\n<div class=\"wp-block-columns is-style-default has-accent-4-color has-text-color has-link-color has-medium-font-size wp-elements-f6ea8370fdbcede787f7148c385f57f9 is-layout-flex wp-container-core-columns-is-layout-28f84493 wp-block-columns-is-layout-flex\">\n<div class=\"wp-block-column is-layout-flow wp-block-column-is-layout-flow\"><style id=\"wpforms-css-vars-19-block-575e994a-0727-4293-bfc4-f0b7d74fe5fd\">\n\t\t\t\t#wpforms-19.wpforms-block-575e994a-0727-4293-bfc4-f0b7d74fe5fd {\n\t\t\t\t--wpforms-field-background-color: color-mix(in srgb, currentColor 20%, transparent);\n--wpforms-button-border-style: solid;\n--wpforms-button-background-color: #111111;\n--wpforms-field-size-input-height: 43px;\n--wpforms-field-size-input-spacing: 15px;\n--wpforms-field-size-font-size: 16px;\n--wpforms-field-size-line-height: 19px;\n--wpforms-field-size-padding-h: 14px;\n--wpforms-field-size-checkbox-size: 16px;\n--wpforms-field-size-sublabel-spacing: 5px;\n--wpforms-field-size-icon-size: 1;\n--wpforms-label-size-font-size: 18px;\n--wpforms-label-size-line-height: 21px;\n--wpforms-label-size-sublabel-font-size: 16px;\n--wpforms-label-size-sublabel-line-height: 19px;\n--wpforms-button-size-font-size: 17px;\n--wpforms-button-size-height: 41px;\n--wpforms-button-size-padding-h: 15px;\n--wpforms-button-size-margin-top: 10px;\n\t\t\t}\n\t\t\t<\/style><div class=\"wpforms-container wpforms-container-full wpforms-block wpforms-block-575e994a-0727-4293-bfc4-f0b7d74fe5fd wpforms-render-modern\" id=\"wpforms-19\"><form id=\"wpforms-form-19\" class=\"wpforms-validate wpforms-form wpforms-ajax-form\" data-formid=\"19\" method=\"post\" enctype=\"multipart\/form-data\" action=\"\/en_us\/wp-json\/wp\/v2\/pages\/25\" data-token=\"6878c355b051b6f27952aef709eb8e57\" data-token-time=\"1776600753\"><noscript class=\"wpforms-error-noscript\">Please enable JavaScript in your browser to complete this form.<\/noscript><div id=\"wpforms-error-noscript\" style=\"display: none;\">Please enable JavaScript in your browser to complete this form.<\/div><div class=\"wpforms-field-container\"><div id=\"wpforms-19-field_1-container\" class=\"wpforms-field wpforms-field-name\" data-field-id=\"1\"><label class=\"wpforms-field-label\" for=\"wpforms-19-field_1\">Kontaktperson <span class=\"wpforms-required-label\" aria-hidden=\"true\">*<\/span><\/label><input type=\"text\" id=\"wpforms-19-field_1\" class=\"wpforms-field-medium wpforms-field-required\" name=\"wpforms[fields][1]\" aria-errormessage=\"wpforms-19-field_1-error\" required><\/div><div id=\"wpforms-19-field_2-container\" class=\"wpforms-field wpforms-field-email\" data-field-id=\"2\"><fieldset><legend class=\"wpforms-field-label\">E-post <span class=\"wpforms-required-label\" aria-hidden=\"true\">*<\/span><\/legend><div class=\"wpforms-field-row wpforms-field-large\"><div class=\"wpforms-field-row-block wpforms-one-half wpforms-first\"><input type=\"email\" id=\"wpforms-19-field_2\" class=\"wpforms-field-required wpforms-field-email-primary\" name=\"wpforms[fields][2][primary]\" spellcheck=\"false\" aria-errormessage=\"wpforms-19-field_2-error\" required><label for=\"wpforms-19-field_2\" class=\"wpforms-field-sublabel after wpforms-sublabel-hide\">Email<\/label><\/div><div class=\"wpforms-field-row-block wpforms-one-half\"><input type=\"email\" id=\"wpforms-19-field_2-secondary\" class=\"wpforms-field-email-secondary wpforms-field-required\" data-rule-confirm=\"#wpforms-19-field_2\" name=\"wpforms[fields][2][secondary]\" placeholder=\"Bekr\u00e4fta E-postadressen\" spellcheck=\"false\" aria-errormessage=\"wpforms-19-field_2-secondary-error\" required><label for=\"wpforms-19-field_2-secondary\" class=\"wpforms-field-sublabel after wpforms-sublabel-hide\">Confirm Email<\/label><\/div><\/div><\/fieldset><\/div>\t\t<div id=\"wpforms-19-field_5-container\"\n\t\t\tclass=\"wpforms-field wpforms-field-text\"\n\t\t\tdata-field-type=\"text\"\n\t\t\tdata-field-id=\"5\"\n\t\t\t>\n\t\t\t<label class=\"wpforms-field-label\" for=\"wpforms-19-field_5\" >\u00c4mne Meddelande E-post<\/label>\n\t\t\t<input type=\"text\" id=\"wpforms-19-field_5\" class=\"wpforms-field-medium\" name=\"wpforms[fields][5]\" >\n\t\t<\/div>\n\t\t<div id=\"wpforms-19-field_3-container\" class=\"wpforms-field wpforms-field-text\" data-field-id=\"3\"><label class=\"wpforms-field-label\" for=\"wpforms-19-field_3\">\u00c4mne<\/label><input type=\"text\" id=\"wpforms-19-field_3\" class=\"wpforms-field-medium\" name=\"wpforms[fields][3]\" aria-errormessage=\"wpforms-19-field_3-error\" ><\/div><div id=\"wpforms-19-field_4-container\" class=\"wpforms-field wpforms-field-textarea\" data-field-id=\"4\"><label class=\"wpforms-field-label\" for=\"wpforms-19-field_4\">Meddelande <span class=\"wpforms-required-label\" aria-hidden=\"true\">*<\/span><\/label><textarea id=\"wpforms-19-field_4\" class=\"wpforms-field-medium wpforms-field-required\" name=\"wpforms[fields][4]\" aria-errormessage=\"wpforms-19-field_4-error\" required><\/textarea><\/div><script>\n\t\t\t\t( function() {\n\t\t\t\t\tconst style = document.createElement( 'style' );\n\t\t\t\t\tstyle.appendChild( document.createTextNode( '#wpforms-19-field_5-container { position: absolute !important; overflow: hidden !important; display: inline !important; height: 1px !important; width: 1px !important; z-index: -1000 !important; padding: 0 !important; } #wpforms-19-field_5-container input { visibility: hidden; } #wpforms-conversational-form-page #wpforms-19-field_5-container label { counter-increment: none; }' ) );\n\t\t\t\t\tdocument.head.appendChild( style );\n\t\t\t\t\tdocument.currentScript?.remove();\n\t\t\t\t} )();\n\t\t\t<\/script><\/div><!-- .wpforms-field-container --><div class=\"wpforms-submit-container\" ><input type=\"hidden\" name=\"wpforms[id]\" value=\"19\"><input type=\"hidden\" name=\"page_title\" value=\"\"><input type=\"hidden\" name=\"page_url\" value=\"https:\/\/www.beautisto.com\/en_us\/wp-json\/wp\/v2\/pages\/25\"><input type=\"hidden\" name=\"url_referer\" value=\"\"><button type=\"submit\" name=\"wpforms[submit]\" id=\"wpforms-submit-19\" class=\"wpforms-submit\" data-alt-text=\"Skickar \u2026\" data-submit-text=\"Skicka\" aria-live=\"assertive\" value=\"wpforms-submit\">Skicka<\/button><img loading=\"lazy\" decoding=\"async\" src=\"https:\/\/www.beautisto.com\/wp-content\/plugins\/wpforms-lite\/assets\/images\/submit-spin.svg\" class=\"wpforms-submit-spinner\" style=\"display: none;\" width=\"26\" height=\"26\" alt=\"Loading\"><\/div><\/form><\/div>  <!-- .wpforms-container --><\/div>\n\n\n\n<div class=\"wp-block-column is-layout-flow wp-block-column-is-layout-flow\"><\/div>\n<\/div>\n\n\n\n<div style=\"height:100px\" aria-hidden=\"true\" class=\"wp-block-spacer\"><\/div>\n\n\n\n<div class=\"wp-block-columns is-layout-flex wp-container-core-columns-is-layout-28f84493 wp-block-columns-is-layout-flex\">\n<div class=\"wp-block-column is-layout-flow wp-block-column-is-layout-flow\" style=\"flex-basis:65px\">\n<figure class=\"wp-block-image size-full is-resized wp-duotone-111111-ffffff-2\"><img loading=\"lazy\" decoding=\"async\" width=\"762\" height=\"855\" src=\"https:\/\/www.beautisto.com\/wp-content\/uploads\/2026\/03\/h1-rev2-img-2-e1775287152896.png\" alt=\"\" class=\"wp-image-405\" style=\"aspect-ratio:0.8912327468122369;object-fit:cover;width:65px\" srcset=\"https:\/\/www.beautisto.com\/wp-content\/uploads\/2026\/03\/h1-rev2-img-2-e1775287152896.png 762w, https:\/\/www.beautisto.com\/wp-content\/uploads\/2026\/03\/h1-rev2-img-2-e1775287152896-267x300.png 267w, https:\/\/www.beautisto.com\/wp-content\/uploads\/2026\/03\/h1-rev2-img-2-e1775287152896-11x12.png 11w, https:\/\/www.beautisto.com\/wp-content\/uploads\/2026\/03\/h1-rev2-img-2-e1775287152896-600x673.png 600w\" sizes=\"auto, (max-width: 762px) 100vw, 762px\" \/><\/figure>\n<\/div>\n\n\n\n<div class=\"wp-block-column is-layout-flow wp-block-column-is-layout-flow\">\n<p class=\"has-small-font-size\">BEAUtisto.com &#8211; RA-Raptis\/Ahlgren AB<br>Jungfrugatan 26, Stockholm \/ Sweden<br>Projektansvarig: Bo Raptis. <br>Telefon: +46 70 668 57 64<br><\/p>\n<\/div>\n<\/div>\n\n\n\n<p><\/p>\n","protected":false},"excerpt":{"rendered":"<p>Vi \u00e4r framtidens molnbaserade B2B2C e-handelsplattform som hj\u00e4lper f\u00f6retag med varum\u00e4rken inom mode- och sk\u00f6nhetsbranschen att f\u00f6rse alla era \u00e5terf\u00f6rs\u00e4ljare (kunder) med professionella e-handelsbutiker \u2013 fyllda med ert produktsortiment. Era \u00e5terf\u00f6rs\u00e4ljare s\u00e4ljer era produkter online i sin egen butik, medan ni st\u00e4rker ert n\u00e4tverk och \u00f6kar f\u00f6rs\u00e4ljningen utan att konkurrera direkt med dem. S\u00e4lj era [&hellip;]<\/p>\n","protected":false},"author":1,"featured_media":0,"parent":0,"menu_order":0,"comment_status":"closed","ping_status":"closed","template":"no-title","meta":{"_monsterinsights_skip_tracking":false,"_monsterinsights_sitenote_active":false,"_monsterinsights_sitenote_note":"","_monsterinsights_sitenote_category":0,"footnotes":""},"class_list":["post-25","page","type-page","status-publish","hentry"],"_links":{"self":[{"href":"https:\/\/www.beautisto.com\/en_us\/wp-json\/wp\/v2\/pages\/25","targetHints":{"allow":["GET"]}}],"collection":[{"href":"https:\/\/www.beautisto.com\/en_us\/wp-json\/wp\/v2\/pages"}],"about":[{"href":"https:\/\/www.beautisto.com\/en_us\/wp-json\/wp\/v2\/types\/page"}],"author":[{"embeddable":true,"href":"https:\/\/www.beautisto.com\/en_us\/wp-json\/wp\/v2\/users\/1"}],"replies":[{"embeddable":true,"href":"https:\/\/www.beautisto.com\/en_us\/wp-json\/wp\/v2\/comments?post=25"}],"version-history":[{"count":516,"href":"https:\/\/www.beautisto.com\/en_us\/wp-json\/wp\/v2\/pages\/25\/revisions"}],"predecessor-version":[{"id":784,"href":"https:\/\/www.beautisto.com\/en_us\/wp-json\/wp\/v2\/pages\/25\/revisions\/784"}],"wp:attachment":[{"href":"https:\/\/www.beautisto.com\/en_us\/wp-json\/wp\/v2\/media?parent=25"}],"curies":[{"name":"wp","href":"https:\/\/api.w.org\/{rel}","templated":true}]}}